{"id":1082,"date":"2017-10-09T18:47:32","date_gmt":"2017-10-09T18:47:32","guid":{"rendered":"http:\/\/mhmassage.nl\/?page_id=1082"},"modified":"2017-11-12T18:36:16","modified_gmt":"2017-11-12T18:36:16","slug":"algemene-voorwaarden","status":"publish","type":"page","link":"http:\/\/mhmassage.nl\/?page_id=1082","title":{"rendered":"Algemene voorwaarden"},"content":{"rendered":"<p>&nbsp;<\/p>\n<p><strong>Artikel 1: definities<br \/>\n<\/strong>In de algemene voorwaarden (hierna: AV) wordt verstaan onder:<br \/>\nSportmasseur: Monique Hutten, lid van het Nederlands Genootschap voor Sportmassage, in het bezit van een Nederlands erkend diploma sportmasseur, handelende als zelfstandig gevestigd sportmasseur;<br \/>\nCli\u00ebnt: degene aan wie door de sportmasseur een behandeling of advies verleend wordt dan wel diens wettelijke vertegenwoordigers;<br \/>\nVerwijzer: de specialist, fysiotherapeut of huisarts door wie de cli\u00ebnt naar de sportmasseur is verwezen;<br \/>\nPraktijkadres: de locatie waarop de praktijk van de sportmasseur op een bepaald moment wordt uitgeoefend.<\/p>\n<p><strong>Artikel 2: algemeen<br \/>\n<\/strong>De sportmasseur geeft behandeling\/advies aan de cli\u00ebnt op het afgesproken praktijkadres.<\/p>\n<p><strong>Artikel 3: basis<br \/>\n<\/strong>De sportmasseur kan de cli\u00ebnt zowel op persoonlijke basis als op basis van een formele verwijzing door de verwijzer behandelen. In het laatste geval houdt de sportmasseur de verwijzer op de hoogte van het verloop van de behandeling. Gegevens van de cli\u00ebnt worden zonder toestemming van de cli\u00ebnt niet aan de verwijzer of derden verstrekt.<\/p>\n<p><strong>Artikel 4: verhindering<br \/>\n<\/strong>Indien de cli\u00ebnt verhinderd is dan dient hij\/zij de sportmasseur meer dan 24 uur voor het tijdstip van de afgesproken behandeling daarvan op de hoogte te stellen. Voor een afspraak op maandag of na een nationale feestdag dan gelieve voor 18u op de laatste voorafgaande gewone werkdag.<\/p>\n<p><strong>Artikel 5: tariefstelling<br \/>\n<\/strong>Voor de behandeling aanvangt, deelt de sportmasseur de cli\u00ebnt mondeling of schriftelijk mede welke tarieven er gelden. De tarieven zijn tevens voor iedereen te raadplegen op de website. Deze tarieven zijn inclusief BTW of andere wettelijke heffingen indien en voor zover die berekend zouden moeten worden. De sportmasseur is gerechtigd prijsstijgingen door te voeren indien en voor zover zich onvoorziene prijsverhogende omstandigheden voordoen na het afsluiten der overeenkomst.<\/p>\n<p><strong>Artikel 6: intellectuele eigendom<br \/>\n<\/strong>De sportmasseur behoudt te allen tijde alle rechten voor op door haar gemaakte adviezen, plannen, documenten, afbeeldingen en\/of de hierop betrekking hebbende informatie en \u201cknowhow\u201d, zelfs wanneer daarvoor kosten in rekening zijn gebracht of naderhand nog verbeteringen zijn aangebracht, al dan niet op aanvraag van de cli\u00ebnt. De in de vorige zin genoemde zaken mogen zonder schriftelijke toestemming van de sportmasseur geheel noch gedeeltelijk worden gekopieerd, anders dan voor intern gebruik bij de cli\u00ebnt, noch ter hand gesteld of op andere wijze worden bekendgemaakt, noch door de cli\u00ebnt worden gebruikt of ter beschikking worden gesteld anders dan voor het doel, waarvoor ze door de sportmasseur verstrekt zijn.<\/p>\n<p><strong>Artikel 7: betaling<br \/>\n<\/strong>Tenzij anders is overeengekomen dient de betaling door de cli\u00ebnt aan de sportmasseur te geschieden aan het einde van het consult, bij voorkeur op een digitaal betaalverzoek. De cli\u00ebnt krijgt een bewijs van betaling. Compensatie door de cli\u00ebnt met bestaande of vermeende vorderingen op de sportmasseur uit welke hoofde dan ook, is uitdrukkelijk uitgesloten. Wordt er met de cli\u00ebnt afgesproken dat er betaald wordt via een factuur dan geldt het volgende. Indien de nota 14 dagen na factuurdatum niet is voldaan, is de sportmasseur gerechtigd om met terugwerkende kracht vanaf de eerste dag van verschuldigdheid wettelijke rente over het verschuldigde in rekening te brengen, alsook alle kosten verband houdende met de inning van de desbetreffende vordering, waaronder uitdrukkelijk mede worden verstaan kosten ter incasso door een incassobureau of andere derde en gerechtelijke kosten.<\/p>\n<p><strong>Artikel 8: onuitvoerbaarheid van de opdracht<br \/>\n<\/strong>De sportmasseur heeft het recht de overeengekomen consulten\/werkzaamheden op te schorten indien zij door omstandigheden, welke buiten haar invloedssfeer liggen of waarvan zij bij het sluiten van de overeenkomst niet op de hoogte was of kon zijn of vanwege ziekte, tijdelijk verhinderd is haar verplichtingen na te komen. Indien de nakoming blijvend onmogelijk wordt, kan de overeenkomst worden ontbonden voor dat deel dat nog niet is nagekomen. Geen van beide partijen heeft in dat geval recht op vergoeding van de ten gevolge van de ontbinding geleden schade.<\/p>\n<p><strong>Artikel 9: toepasselijk recht en forumkeuze<br \/>\n<\/strong>Alleen de burgerlijke rechter die bevoegd is in de vestigingsplaats van de sportmasseur is bevoegd kennis te nemen van geschillen. Nederlands recht is van toepassing.<\/p>\n<p><strong>&nbsp;<\/strong><strong>Artikel 10: geheimhouding<br \/>\n<\/strong>mh|massage zal alle informatie van de wederpartij betreffende het bedrijf, de bedrijfsvoering, de arbeidsomstandigheden en alle overige relevante informatie die zij verkrijgt bij de uitvoering van haar diensten, vertrouwelijk behandelen en deze informatie niet aan derden geven.<\/p>\n<p><strong>&nbsp;<\/strong><strong>Artikel 11: dossierbeheer en inzage recht<br \/>\n<\/strong>mh|massage zal van de betrokken wederpartij en\/of werknemers van de wederpartij een dossier bijhouden. Naast mh|massage heeft slechts de wederpartij (cli\u00ebnt\/opdrachtgever) en\/of werknemers van de wederpartij (werkgever) recht op inzage in dit dossier. De werkgever kan slechts inzage in het dossier krijgen, indien hij een bevoegdheid daartoe ontleent aan een schriftelijke, specifiek voor de betreffende situatie verleende machtiging van de werknemer, dan wel aan een wettelijke regeling.<\/p>\n<p><a href=\"http:\/\/mhmassage.nl\/?page_id=920\">[Terug]<\/a><\/p>\n","protected":false},"excerpt":{"rendered":"<p>&nbsp; Artikel 1: definities In de algemene voorwaarden (hierna: AV) wordt verstaan onder: Sportmasseur: Monique Hutten, lid van het Nederlands Genootschap voor Sportmassage, in het bezit van een Nederlands erkend diploma sportmasseur, handelende als zelfstandig gevestigd sportmasseur; Cli\u00ebnt: degene aan wie door de sportmasseur een behandeling of advies verleend wordt dan wel diens wettelijke vertegenwoordigers;&hellip;<a href=\"http:\/\/mhmassage.nl\/?page_id=1082\" class=\"more-link\">Ga door met het lezen van <span class=\"screen-reader-text\">Algemene voorwaarden<\/span><\/a><\/p>\n","protected":false},"author":1,"featured_media":0,"parent":0,"menu_order":12,"comment_status":"closed","ping_status":"closed","template":"page_fullwidth.php","meta":{"_exactmetrics_skip_tracking":false,"_exactmetrics_sitenote_active":false,"_exactmetrics_sitenote_note":"","_exactmetrics_sitenote_category":0,"ngg_post_thumbnail":0,"jetpack_post_was_ever_published":false,"footnotes":""},"class_list":["post-1082","page","type-page","status-publish","hentry"],"aioseo_notices":[],"jetpack_sharing_enabled":true,"jetpack_shortlink":"https:\/\/wp.me\/P8WSpL-hs","jetpack_likes_enabled":true,"jetpack-related-posts":[{"id":1682,"url":"http:\/\/mhmassage.nl\/?page_id=1682","url_meta":{"origin":1082,"position":0},"title":"Mijn werkwijze","author":"MMaster","date":"15 maart 2025","format":false,"excerpt":"Voor aanvang van de eerste behandeling bespreken we uitgebreid de reden van het bezoek. Aan de hand van de verkregen persoonlijke en medische informatie, zullen we samen een plan van aanpak opstellen. Een behandeling(-straject) staat of valt met overeenstemming van beide partijen! In geval van twijfel voor de start van\u2026","rel":"","context":"Soortgelijk bericht","block_context":{"text":"Soortgelijk bericht","link":""},"img":{"alt_text":"","src":"","width":0,"height":0},"classes":[]},{"id":393,"url":"http:\/\/mhmassage.nl\/?page_id=393","url_meta":{"origin":1082,"position":1},"title":"Waarom massage","author":"MMaster","date":"13 augustus 2017","format":false,"excerpt":"Belang van massage Bij massage denken we al gauw aan een ontspanningsmassage, het woord zegt het al \u201com lekker te ontspannen\u201d, of (sport)massage voor heel fanatieke sporters, zodat zij beter en sneller kunnen herstellen. Maar massage kan ook bijdragen aan het voorkomen of herstellen van klachten veroorzaakt door gewone, dagelijkse\u2026","rel":"","context":"Soortgelijk bericht","block_context":{"text":"Soortgelijk bericht","link":""},"img":{"alt_text":"","src":"","width":0,"height":0},"classes":[]},{"id":929,"url":"http:\/\/mhmassage.nl\/?page_id=929","url_meta":{"origin":1082,"position":2},"title":"Effecten van sportmassage","author":"MMaster","date":"26 september 2017","format":false,"excerpt":"\u00a0 Sportmassage heeft zowel effecten op het lichaam als op de psyche. Maar hoe dan? Een kleine samenvatting\u2026 Mechanische effecten: bij inspanning hopen vocht en afvalstoffen zich op in de spieren. Massage stimuleert de bloedcirculatie en de lymfestromen. Hierdoor ontstaat een verbeterde stofwisseling waardoor de afvalstoffen sneller afgevoerd worden, en\u2026","rel":"","context":"Soortgelijk bericht","block_context":{"text":"Soortgelijk bericht","link":""},"img":{"alt_text":"","src":"","width":0,"height":0},"classes":[]},{"id":920,"url":"http:\/\/mhmassage.nl\/?page_id=920","url_meta":{"origin":1082,"position":3},"title":"Mijn tarieven","author":"MMaster","date":"26 september 2017","format":false,"excerpt":"Uw betaling ontvang ik bij voorkeur op een digitaal betaalverzoek. Dat zend ik u direct na de behandeling (U kunt dan betalen via uw bankapp of later via iDeal). Tarieven zijn inclusief 21% BTW. \u00a0 Algemene voorwaarden mh|massage\u00a0 Klik hier\u00a0 als u niet tevreden bent.","rel":"","context":"Soortgelijk bericht","block_context":{"text":"Soortgelijk bericht","link":""},"img":{"alt_text":"","src":"https:\/\/i0.wp.com\/mhmassage.nl\/wp-content\/uploads\/2023\/02\/Knipsel-tarieven-2023-300x190.jpg?resize=350%2C200","width":350,"height":200},"classes":[]},{"id":75,"url":"http:\/\/mhmassage.nl\/?page_id=75","url_meta":{"origin":1082,"position":4},"title":"Massage en ik","author":"MMaster","date":"4 juli 2017","format":false,"excerpt":"Als moeder van een fanatieke meerkampster bij atletiekvereniging Sprint Breda, heb ik jarenlang hele weekenden doorgebracht op atletiekbanen door heel Nederland. De gedrevenheid van deze jonge atleten, het plezier dat zij beleven aan het uitoefenen van hun sport en het uiterste wat zij van hun lichaam vragen, heeft mij doen\u2026","rel":"","context":"Soortgelijk bericht","block_context":{"text":"Soortgelijk bericht","link":""},"img":{"alt_text":"","src":"https:\/\/i0.wp.com\/mhmassage.nl\/wp-content\/uploads\/2017\/12\/DSC_0003-e1514027764354-678x1024.jpg?resize=350%2C200","width":350,"height":200},"classes":[]},{"id":796,"url":"http:\/\/mhmassage.nl\/?page_id=796","url_meta":{"origin":1082,"position":5},"title":"Niet tevreden?","author":"MMaster","date":"12 september 2017","format":false,"excerpt":"Bent u ontevreden over uw bezoek aan mh|massage? Bespreek dit met mij! Als u niet tevreden bent over de communicatie, de kwaliteit of over iets wat ik heb gedaan of juist niet heb gedaan, bespreek dit dan eerst met mij. Zo lang ik niet weet dat u ontevreden bent, kan\u2026","rel":"","context":"Soortgelijk bericht","block_context":{"text":"Soortgelijk bericht","link":""},"img":{"alt_text":"","src":"","width":0,"height":0},"classes":[]}],"_links":{"self":[{"href":"http:\/\/mhmassage.nl\/index.php?rest_route=\/wp\/v2\/pages\/1082","targetHints":{"allow":["GET"]}}],"collection":[{"href":"http:\/\/mhmassage.nl\/index.php?rest_route=\/wp\/v2\/pages"}],"about":[{"href":"http:\/\/mhmassage.nl\/index.php?rest_route=\/wp\/v2\/types\/page"}],"author":[{"embeddable":true,"href":"http:\/\/mhmassage.nl\/index.php?rest_route=\/wp\/v2\/users\/1"}],"replies":[{"embeddable":true,"href":"http:\/\/mhmassage.nl\/index.php?rest_route=%2Fwp%2Fv2%2Fcomments&post=1082"}],"version-history":[{"count":3,"href":"http:\/\/mhmassage.nl\/index.php?rest_route=\/wp\/v2\/pages\/1082\/revisions"}],"predecessor-version":[{"id":1220,"href":"http:\/\/mhmassage.nl\/index.php?rest_route=\/wp\/v2\/pages\/1082\/revisions\/1220"}],"wp:attachment":[{"href":"http:\/\/mhmassage.nl\/index.php?rest_route=%2Fwp%2Fv2%2Fmedia&parent=1082"}],"curies":[{"name":"wp","href":"https:\/\/api.w.org\/{rel}","templated":true}]}}